{"id":903,"date":"2024-10-03T17:45:06","date_gmt":"2024-10-03T15:45:06","guid":{"rendered":"https:\/\/alainbayard-medium.fr\/site\/?page_id=903"},"modified":"2026-02-06T01:42:45","modified_gmt":"2026-02-06T00:42:45","slug":"les-soins","status":"publish","type":"page","link":"https:\/\/alainbayard-medium.fr\/site\/lacupuncture\/les-soins\/","title":{"rendered":"Les Soins"},"content":{"rendered":"","protected":false},"excerpt":{"rendered":"","protected":false},"author":1,"featured_media":0,"parent":740,"menu_order":0,"comment_status":"closed","ping_status":"closed","template":"","meta":{"footnotes":""},"class_list":["post-903","page","type-page","status-publish","hentry"],"yoast_head":"<!-- This site is optimized with the Yoast SEO plugin v27.3 - https:\/\/yoast.com\/product\/yoast-seo-wordpress\/ -->\n<title>Les Soins - M\u00e9dium Voyant en Auvergne - Alain Bayard<\/title>\n<meta name=\"robots\" content=\"index, follow, max-snippet:-1, max-image-preview:large, max-video-preview:-1\" \/>\n<link rel=\"canonical\" href=\"https:\/\/alainbayard-medium.fr\/site\/lacupuncture\/les-soins\/\" \/>\n<meta property=\"og:locale\" content=\"fr_FR\" \/>\n<meta property=\"og:type\" content=\"article\" \/>\n<meta property=\"og:title\" content=\"Les Soins - M\u00e9dium Voyant en Auvergne - Alain Bayard\" \/>\n<meta property=\"og:url\" content=\"https:\/\/alainbayard-medium.fr\/site\/lacupuncture\/les-soins\/\" \/>\n<meta property=\"og:site_name\" content=\"M\u00e9dium Voyant en Auvergne - Alain Bayard\" \/>\n<meta property=\"article:modified_time\" content=\"2026-02-06T00:42:45+00:00\" \/>\n<meta name=\"twitter:card\" content=\"summary_large_image\" \/>\n<script type=\"application\/ld+json\" class=\"yoast-schema-graph\">{\"@context\":\"https:\\\/\\\/schema.org\",\"@graph\":[{\"@type\":\"WebPage\",\"@id\":\"https:\\\/\\\/alainbayard-medium.fr\\\/site\\\/lacupuncture\\\/les-soins\\\/\",\"url\":\"https:\\\/\\\/alainbayard-medium.fr\\\/site\\\/lacupuncture\\\/les-soins\\\/\",\"name\":\"Les Soins - M\u00e9dium Voyant en Auvergne - Alain Bayard\",\"isPartOf\":{\"@id\":\"https:\\\/\\\/alainbayard-medium.fr\\\/site\\\/#website\"},\"datePublished\":\"2024-10-03T15:45:06+00:00\",\"dateModified\":\"2026-02-06T00:42:45+00:00\",\"breadcrumb\":{\"@id\":\"https:\\\/\\\/alainbayard-medium.fr\\\/site\\\/lacupuncture\\\/les-soins\\\/#breadcrumb\"},\"inLanguage\":\"fr-FR\",\"potentialAction\":[{\"@type\":\"ReadAction\",\"target\":[\"https:\\\/\\\/alainbayard-medium.fr\\\/site\\\/lacupuncture\\\/les-soins\\\/\"]}]},{\"@type\":\"BreadcrumbList\",\"@id\":\"https:\\\/\\\/alainbayard-medium.fr\\\/site\\\/lacupuncture\\\/les-soins\\\/#breadcrumb\",\"itemListElement\":[{\"@type\":\"ListItem\",\"position\":1,\"name\":\"Accueil\",\"item\":\"https:\\\/\\\/alainbayard-medium.fr\\\/site\\\/\"},{\"@type\":\"ListItem\",\"position\":2,\"name\":\"l&rsquo;Acupuncture\",\"item\":\"https:\\\/\\\/alainbayard-medium.fr\\\/site\\\/lacupuncture\\\/\"},{\"@type\":\"ListItem\",\"position\":3,\"name\":\"Les Soins\"}]},{\"@type\":\"WebSite\",\"@id\":\"https:\\\/\\\/alainbayard-medium.fr\\\/site\\\/#website\",\"url\":\"https:\\\/\\\/alainbayard-medium.fr\\\/site\\\/\",\"name\":\"M\u00e9dium en Auvergne - Alain Bayard M\u00e9diumnit\u00e9 et Voyance en direct !\",\"description\":\"M\u00e9diumnit\u00e9 et Voyance\",\"publisher\":{\"@id\":\"https:\\\/\\\/alainbayard-medium.fr\\\/site\\\/#\\\/schema\\\/person\\\/000a9eed8b38fc9cfa14c5b20e7ddaeb\"},\"potentialAction\":[{\"@type\":\"SearchAction\",\"target\":{\"@type\":\"EntryPoint\",\"urlTemplate\":\"https:\\\/\\\/alainbayard-medium.fr\\\/site\\\/?s={search_term_string}\"},\"query-input\":{\"@type\":\"PropertyValueSpecification\",\"valueRequired\":true,\"valueName\":\"search_term_string\"}}],\"inLanguage\":\"fr-FR\"},{\"@type\":[\"Person\",\"Organization\"],\"@id\":\"https:\\\/\\\/alainbayard-medium.fr\\\/site\\\/#\\\/schema\\\/person\\\/000a9eed8b38fc9cfa14c5b20e7ddaeb\",\"name\":\"Alain Bayard\",\"image\":{\"@type\":\"ImageObject\",\"inLanguage\":\"fr-FR\",\"@id\":\"https:\\\/\\\/alainbayard-medium.fr\\\/site\\\/wp-content\\\/uploads\\\/2020\\\/01\\\/picto.ico\",\"url\":\"https:\\\/\\\/alainbayard-medium.fr\\\/site\\\/wp-content\\\/uploads\\\/2020\\\/01\\\/picto.ico\",\"contentUrl\":\"https:\\\/\\\/alainbayard-medium.fr\\\/site\\\/wp-content\\\/uploads\\\/2020\\\/01\\\/picto.ico\",\"width\":1,\"height\":1,\"caption\":\"Alain Bayard\"},\"logo\":{\"@id\":\"https:\\\/\\\/alainbayard-medium.fr\\\/site\\\/wp-content\\\/uploads\\\/2020\\\/01\\\/picto.ico\"}}]}<\/script>\n<!-- \/ Yoast SEO plugin. -->","yoast_head_json":{"title":"Les Soins - M\u00e9dium Voyant en Auvergne - Alain Bayard","robots":{"index":"index","follow":"follow","max-snippet":"max-snippet:-1","max-image-preview":"max-image-preview:large","max-video-preview":"max-video-preview:-1"},"canonical":"https:\/\/alainbayard-medium.fr\/site\/lacupuncture\/les-soins\/","og_locale":"fr_FR","og_type":"article","og_title":"Les Soins - M\u00e9dium Voyant en Auvergne - Alain Bayard","og_url":"https:\/\/alainbayard-medium.fr\/site\/lacupuncture\/les-soins\/","og_site_name":"M\u00e9dium Voyant en Auvergne - Alain Bayard","article_modified_time":"2026-02-06T00:42:45+00:00","twitter_card":"summary_large_image","schema":{"@context":"https:\/\/schema.org","@graph":[{"@type":"WebPage","@id":"https:\/\/alainbayard-medium.fr\/site\/lacupuncture\/les-soins\/","url":"https:\/\/alainbayard-medium.fr\/site\/lacupuncture\/les-soins\/","name":"Les Soins - M\u00e9dium Voyant en Auvergne - Alain Bayard","isPartOf":{"@id":"https:\/\/alainbayard-medium.fr\/site\/#website"},"datePublished":"2024-10-03T15:45:06+00:00","dateModified":"2026-02-06T00:42:45+00:00","breadcrumb":{"@id":"https:\/\/alainbayard-medium.fr\/site\/lacupuncture\/les-soins\/#breadcrumb"},"inLanguage":"fr-FR","potentialAction":[{"@type":"ReadAction","target":["https:\/\/alainbayard-medium.fr\/site\/lacupuncture\/les-soins\/"]}]},{"@type":"BreadcrumbList","@id":"https:\/\/alainbayard-medium.fr\/site\/lacupuncture\/les-soins\/#breadcrumb","itemListElement":[{"@type":"ListItem","position":1,"name":"Accueil","item":"https:\/\/alainbayard-medium.fr\/site\/"},{"@type":"ListItem","position":2,"name":"l&rsquo;Acupuncture","item":"https:\/\/alainbayard-medium.fr\/site\/lacupuncture\/"},{"@type":"ListItem","position":3,"name":"Les Soins"}]},{"@type":"WebSite","@id":"https:\/\/alainbayard-medium.fr\/site\/#website","url":"https:\/\/alainbayard-medium.fr\/site\/","name":"M\u00e9dium en Auvergne - Alain Bayard M\u00e9diumnit\u00e9 et Voyance en direct !","description":"M\u00e9diumnit\u00e9 et Voyance","publisher":{"@id":"https:\/\/alainbayard-medium.fr\/site\/#\/schema\/person\/000a9eed8b38fc9cfa14c5b20e7ddaeb"},"potentialAction":[{"@type":"SearchAction","target":{"@type":"EntryPoint","urlTemplate":"https:\/\/alainbayard-medium.fr\/site\/?s={search_term_string}"},"query-input":{"@type":"PropertyValueSpecification","valueRequired":true,"valueName":"search_term_string"}}],"inLanguage":"fr-FR"},{"@type":["Person","Organization"],"@id":"https:\/\/alainbayard-medium.fr\/site\/#\/schema\/person\/000a9eed8b38fc9cfa14c5b20e7ddaeb","name":"Alain Bayard","image":{"@type":"ImageObject","inLanguage":"fr-FR","@id":"https:\/\/alainbayard-medium.fr\/site\/wp-content\/uploads\/2020\/01\/picto.ico","url":"https:\/\/alainbayard-medium.fr\/site\/wp-content\/uploads\/2020\/01\/picto.ico","contentUrl":"https:\/\/alainbayard-medium.fr\/site\/wp-content\/uploads\/2020\/01\/picto.ico","width":1,"height":1,"caption":"Alain Bayard"},"logo":{"@id":"https:\/\/alainbayard-medium.fr\/site\/wp-content\/uploads\/2020\/01\/picto.ico"}}]}},"_links":{"self":[{"href":"https:\/\/alainbayard-medium.fr\/site\/wp-json\/wp\/v2\/pages\/903","targetHints":{"allow":["GET"]}}],"collection":[{"href":"https:\/\/alainbayard-medium.fr\/site\/wp-json\/wp\/v2\/pages"}],"about":[{"href":"https:\/\/alainbayard-medium.fr\/site\/wp-json\/wp\/v2\/types\/page"}],"author":[{"embeddable":true,"href":"https:\/\/alainbayard-medium.fr\/site\/wp-json\/wp\/v2\/users\/1"}],"replies":[{"embeddable":true,"href":"https:\/\/alainbayard-medium.fr\/site\/wp-json\/wp\/v2\/comments?post=903"}],"version-history":[{"count":3,"href":"https:\/\/alainbayard-medium.fr\/site\/wp-json\/wp\/v2\/pages\/903\/revisions"}],"predecessor-version":[{"id":1111,"href":"https:\/\/alainbayard-medium.fr\/site\/wp-json\/wp\/v2\/pages\/903\/revisions\/1111"}],"up":[{"embeddable":true,"href":"https:\/\/alainbayard-medium.fr\/site\/wp-json\/wp\/v2\/pages\/740"}],"wp:attachment":[{"href":"https:\/\/alainbayard-medium.fr\/site\/wp-json\/wp\/v2\/media?parent=903"}],"curies":[{"name":"wp","href":"https:\/\/api.w.org\/{rel}","templated":true}]}}